{"id":127,"date":"2016-04-28T14:37:17","date_gmt":"2016-04-28T12:37:17","guid":{"rendered":"http:\/\/wp-neu.feuerwehr-schwaikheim.de\/?page_id=127"},"modified":"2024-07-31T18:53:04","modified_gmt":"2024-07-31T16:53:04","slug":"spielmannszug","status":"publish","type":"page","link":"http:\/\/feuerwehr-schwaikheim.de\/index.php\/spielmannszug\/","title":{"rendered":"Spielmannszug"},"content":{"rendered":"<p>Von Anfang an geh\u00f6rten Trommler und Hornisten mit zur Feuerwehr. Ihre Aufgabe bestand darin, Alarm zu geben und Befehle des Kommandanten, wie z.B. das \u201eWasser marsch!\u201c weiterzugeben. Zur damaligen Zeit dienten die Instrumente noch nicht der musikalischen Unterhaltung.<\/p>\n<p>Offiziell wurde der Spielmannszug 1925 von David Bader gegr\u00fcndet, der kurz zuvor nach Schwaikheim gezogen war. Bald darauf wechselten die ersten Spieler vom Turnverein zum Spielmannszug \u00fcber. Geprobt wurde am Samstagabend in der alten Turnhalle in der Kelterstra\u00dfe, der sp\u00e4teren katholischen Kirche. W\u00e4hrend der Kriegsjahre hatte sich der Spielmannszug nicht die M\u00f6glichkeit, sich weiter zu treffen.<\/p>\n<p>Erst im Jahre 1951 fanden sich unter der Leitung von Herrn Engel (Uhren-Engel) wieder junge Leute zusammen, die Freude am Musizieren hatten.<\/p>\n<p>Zwei Jahre sp\u00e4ter (1953) \u00fcbernahm Friedrich Schmid den Tambourstab und schon einige Zeit sp\u00e4ter war der Spielmannszug ein begehrter und gern gesehener Gast bei den Feuerwehrfesten in der Umgebung. Bis ins Jahr 1956 spielten der Spielmannszug der Freiwilligen Feuerwehr und der Musikverein Schwaikheim zusammen. Und auch heute noch gibt es regelm\u00e4\u00dfige Anl\u00e4sse, bei denen beide Musikgruppen gemeinsam musizieren.<\/p>\n<p><center><a name=\"1\"><\/a><a><img decoding=\"async\" class=\" size-full wp-image-14\" src=\"http:\/\/wp-neu.feuerwehr-schwaikheim.de\/wp-content\/uploads\/2014\/08\/tn_1.jpg\" alt=\"\" width=\"218\" height=\"150\" srcset=\"http:\/\/feuerwehr-schwaikheim.de\/wp-content\/uploads\/2014\/08\/tn_1.jpg 218w, http:\/\/feuerwehr-schwaikheim.de\/wp-content\/uploads\/2014\/08\/tn_1-130x90.jpg 130w\" sizes=\"(max-width: 218px) 100vw, 218px\" \/><\/a>\u00a0<a name=\"2\"><\/a><a><img decoding=\"async\" class=\" size-full wp-image-15\" src=\"http:\/\/wp-neu.feuerwehr-schwaikheim.de\/wp-content\/uploads\/2014\/08\/tn_2.jpg\" alt=\"\" width=\"226\" height=\"150\" \/><\/a><\/center><br \/>\n1984 z\u00e4hlte der Spielmannszug der Freiwilligen Feuerwehr Schwaikheim insgesamt 14 Mitglieder. Darunter waren auch drei Frauen. In den darauf folgenden Jahren traten viele neue, vor allem junge Spieler ein. Dadurch wurden immer mehr moderne St\u00fccke in das Repertoire aufgenommen.<\/p>\n<p>1993 verpflichteten wir Reinhold Dietrich aus Backnang f\u00fcr die musikalische Ausbildung und Harald Bubeck wurde Stabf\u00fchrer.<\/p>\n<p>Der Spielmannszug ma\u00df sich mehrmals bei Landeswertungsspielen mit Z\u00fcgen aus ganz Baden-W\u00fcrttemberg: 1998 erhielt er in Freiburg in der Unterstufenwertung ein \u201esehr gut\u201c mit einer Ehrenplakette in Silber und 2003 in Ulm in der Mittelstufe ein \u201esehr gut\u201c, ebenfalls mit einer silbernen Ehrenmedaille ausgezeichnet.<\/p>\n<p>Im Jahr 2003 feierte der Spielmannszug der Freiwilligen Feuerwehr Schwaikheim sein 50 j\u00e4hriges Jubil\u00e4um. Hierzu gab es einen gro\u00dfen Festakt mit einer \u201eTop-Ten-Hitparade\u201c, bei der die B\u00fcrger der Gemeinde im Vorentscheid \u00fcber die St\u00fccke, die gespielt wurden, abstimmten.<\/p>\n<p><center><a name=\"3\"><\/a><a><img decoding=\"async\" class=\" size-full wp-image-16\" src=\"http:\/\/wp-neu.feuerwehr-schwaikheim.de\/wp-content\/uploads\/2014\/08\/tn_3.jpg\" alt=\"\" width=\"143\" height=\"150\" \/><\/a>\u00a0<a name=\"4\"><\/a><a><img loading=\"lazy\" decoding=\"async\" class=\" size-full wp-image-17\" src=\"http:\/\/wp-neu.feuerwehr-schwaikheim.de\/wp-content\/uploads\/2014\/08\/tn_4.jpg\" alt=\"\" width=\"169\" height=\"150\" \/><\/a><\/center><br \/>\nDie Leitung des Spielmannszuges unterliegt bis heute Harald Bubeck. Seine Unterst\u00fctzung und die musikalische Ausbildung \u00fcbernahm Ingrid Sonnleitner von 1999 bis 2007, die au\u00dferdem einige Jahre erfolgreich Kreisstabsf\u00fchrerin war.<\/p>\n<p>Das Repertoire an Musikst\u00fccken hat sich im Laufe der Zeit sehr ge\u00e4ndert, so werden heute nicht nur altbekannte Klassiker, wie z.B. der Marsch \u201eAlte Kameraden\u201c gespielt, sondern auch moderne St\u00fccke, wie z.B. \u201eSister Act\u201c oder \u201eEl Condor Pasa\u201c.<\/p>\n<p><center><a name=\"5\"><\/a><a><img loading=\"lazy\" decoding=\"async\" class=\" size-full wp-image-18\" src=\"http:\/\/wp-neu.feuerwehr-schwaikheim.de\/wp-content\/uploads\/2014\/08\/tn_5.jpg\" alt=\"\" width=\"240\" height=\"150\" \/><\/a><\/center><br \/>\nDer Spielmannszug Schwaikheim tritt heute haupts\u00e4chlich auf Feuerwehrfesten, bei Festumz\u00fcgen und anderen Festlichkeiten auf, aber auch bei der Jahreshauptversammlung und bei Geburtstagen von Mitgliedern der Freiwilligen Feuerwehr Schwaikheim.<\/p>\n<p>Nicht nur das Musizieren mit dem Musikverein Schwaikheim, wie z.B. auf dem \u201eFleckenfest\u201c, sondern auch das Zusammenspiel mit anderen Spielmannsz\u00fcgen des Rems-Murr-Kreises im Kreis-Musikzug macht riesigen Spa\u00df. Zurzeit hat der Spielmannzug 22 Spielerinnen und Spieler und gemessen an der Altersstruktur sind wir ein sehr junger Spielmannszug.<\/p>\n","protected":false},"excerpt":{"rendered":"<p>Von Anfang an geh\u00f6rten Trommler und Hornisten mit zur Feuerwehr. Ihre Aufgabe bestand darin, Alarm zu geben und Befehle des<\/p>\n","protected":false},"author":1,"featured_media":0,"parent":0,"menu_order":0,"comment_status":"closed","ping_status":"closed","template":"","meta":{"footnotes":""},"jetpack_sharing_enabled":true,"_links":{"self":[{"href":"http:\/\/feuerwehr-schwaikheim.de\/index.php\/wp-json\/wp\/v2\/pages\/127"}],"collection":[{"href":"http:\/\/feuerwehr-schwaikheim.de\/index.php\/wp-json\/wp\/v2\/pages"}],"about":[{"href":"http:\/\/feuerwehr-schwaikheim.de\/index.php\/wp-json\/wp\/v2\/types\/page"}],"author":[{"embeddable":true,"href":"http:\/\/feuerwehr-schwaikheim.de\/index.php\/wp-json\/wp\/v2\/users\/1"}],"replies":[{"embeddable":true,"href":"http:\/\/feuerwehr-schwaikheim.de\/index.php\/wp-json\/wp\/v2\/comments?post=127"}],"version-history":[{"count":2,"href":"http:\/\/feuerwehr-schwaikheim.de\/index.php\/wp-json\/wp\/v2\/pages\/127\/revisions"}],"predecessor-version":[{"id":1960,"href":"http:\/\/feuerwehr-schwaikheim.de\/index.php\/wp-json\/wp\/v2\/pages\/127\/revisions\/1960"}],"wp:attachment":[{"href":"http:\/\/feuerwehr-schwaikheim.de\/index.php\/wp-json\/wp\/v2\/media?parent=127"}],"curies":[{"name":"wp","href":"https:\/\/api.w.org\/{rel}","templated":true}]}}