{"id":156,"date":"2016-04-28T15:54:06","date_gmt":"2016-04-28T13:54:06","guid":{"rendered":"http:\/\/wp-neu.feuerwehr-schwaikheim.de\/?page_id=156"},"modified":"2025-04-17T17:07:02","modified_gmt":"2025-04-17T15:07:02","slug":"willkommen-bei-ihrer-feuerwehr-in-schwaikheim","status":"publish","type":"page","link":"http:\/\/feuerwehr-schwaikheim.de\/","title":{"rendered":"Willkommen bei Ihrer Feuerwehr in Schwaikheim"},"content":{"rendered":"\t\t<div data-elementor-type=\"wp-page\" data-elementor-id=\"156\" class=\"elementor elementor-156\">\n\t\t\t\t\t\t\t<div class=\"elementor-element elementor-element-3914be53 e-flex e-con-boxed e-con e-parent\" data-id=\"3914be53\" data-element_type=\"container\" data-settings=\"{&quot;content_width&quot;:&quot;boxed&quot;}\" data-core-v316-plus=\"true\">\n\t\t\t\t\t<div class=\"e-con-inner\">\n\t\t\t\t<div class=\"elementor-element elementor-element-6250f8e0 elementor-widget elementor-widget-text-editor\" data-id=\"6250f8e0\" data-element_type=\"widget\" data-widget_type=\"text-editor.default\">\n\t\t\t\t<div class=\"elementor-widget-container\">\n\t\t\t<style>\/*! elementor - v3.18.0 - 08-12-2023 *\/\n.elementor-widget-text-editor.elementor-drop-cap-view-stacked .elementor-drop-cap{background-color:#69727d;color:#fff}.elementor-widget-text-editor.elementor-drop-cap-view-framed .elementor-drop-cap{color:#69727d;border:3px solid;background-color:transparent}.elementor-widget-text-editor:not(.elementor-drop-cap-view-default) .elementor-drop-cap{margin-top:8px}.elementor-widget-text-editor:not(.elementor-drop-cap-view-default) .elementor-drop-cap-letter{width:1em;height:1em}.elementor-widget-text-editor .elementor-drop-cap{float:left;text-align:center;line-height:1;font-size:50px}.elementor-widget-text-editor .elementor-drop-cap-letter{display:inline-block}<\/style>\t\t\t\t<p>Wir freuen uns \u00fcber Ihren Besuch!<\/p>\n<p>Hier k\u00f6nnen Sie allerhand Wissenswertes \u00fcber uns als ehrenamtliche Organisation der Gemeinde erfahren. Wir geben Ihnen gerne einen Einblick in unsere Aufgaben, unseren Fuhrpark und den einzelnen Abteilungen.<\/p>\n<p><!-- wp:paragraph --><\/p>\n<p><!-- \/wp:paragraph --><\/p>\t\t\t\t\t\t<\/div>\n\t\t\t\t<\/div>\n\t\t\t\t\t<\/div>\n\t\t\t\t<\/div>\n\t\t<div class=\"elementor-element elementor-element-5de3990 e-flex e-con-boxed e-con e-parent\" data-id=\"5de3990\" data-element_type=\"container\" data-settings=\"{&quot;content_width&quot;:&quot;boxed&quot;}\" data-core-v316-plus=\"true\">\n\t\t\t\t\t<div class=\"e-con-inner\">\n\t\t\t\t<div class=\"elementor-element elementor-element-cc5cac3 elementor-widget elementor-widget-heading\" data-id=\"cc5cac3\" data-element_type=\"widget\" data-widget_type=\"heading.default\">\n\t\t\t\t<div class=\"elementor-widget-container\">\n\t\t\t<style>\/*! elementor - v3.18.0 - 08-12-2023 *\/\n.elementor-heading-title{padding:0;margin:0;line-height:1}.elementor-widget-heading .elementor-heading-title[class*=elementor-size-]>a{color:inherit;font-size:inherit;line-height:inherit}.elementor-widget-heading .elementor-heading-title.elementor-size-small{font-size:15px}.elementor-widget-heading .elementor-heading-title.elementor-size-medium{font-size:19px}.elementor-widget-heading .elementor-heading-title.elementor-size-large{font-size:29px}.elementor-widget-heading .elementor-heading-title.elementor-size-xl{font-size:39px}.elementor-widget-heading .elementor-heading-title.elementor-size-xxl{font-size:59px}<\/style><h2 class=\"elementor-heading-title elementor-size-default\">Aktuelles<\/h2>\t\t<\/div>\n\t\t\t\t<\/div>\n\t\t\t\t\t<\/div>\n\t\t\t\t<\/div>\n\t\t<div class=\"elementor-element elementor-element-e8cb2f7 e-flex e-con-boxed e-con e-parent\" data-id=\"e8cb2f7\" data-element_type=\"container\" data-settings=\"{&quot;content_width&quot;:&quot;boxed&quot;}\" data-core-v316-plus=\"true\">\n\t\t\t\t\t<div class=\"e-con-inner\">\n\t\t\t\t<div class=\"elementor-element elementor-element-6f306ab elementor-widget elementor-widget-text-editor\" data-id=\"6f306ab\" data-element_type=\"widget\" data-widget_type=\"text-editor.default\">\n\t\t\t\t<div class=\"elementor-widget-container\">\n\t\t\t\t\t\t\t<p><strong>Die Altersfeuerwehr: Ein wertvoller R\u00fcckhalt f\u00fcr die Aktive Wehr<\/strong> <br \/><br \/>In vielen Gemeinden spielt die Feuerwehr eine zentrale Rolle. Neben der aktiven Feuerwehr, die im Einsatzfall schnell zur Stelle ist, gibt es auch die Altersfeuerwehr, die ebenfalls eine bedeutende Funktion innerhalb der Feuerwehrgemeinschaft einnimmt. Als Gruppe von ehemaligen aktiven Feuerwehrleuten bringt sie nicht nur Erfahrung und Wissen mit, sondern unterst\u00fctzt auch die aktive Abteilung auf vielf\u00e4ltige Weise. <br \/>So auch in der Freiwilligen Feuerwehr in Schwaikheim\u2026\u00a0<\/p>\n<p><a href=\"http:\/\/feuerwehr-schwaikheim.de\/wp-content\/uploads\/2025\/04\/Artikel_Die-Altersfeuerwehr-wertvoller-Rueckhalt.pdf\" target=\"_blank\" rel=\"noopener\">Hier ist der Gesamtartikel zu lesen<\/a><\/p>\t\t\t\t\t\t<\/div>\n\t\t\t\t<\/div>\n\t\t\t\t\t<\/div>\n\t\t\t\t<\/div>\n\t\t\t\t\t\t\t<\/div>\n\t\t","protected":false},"excerpt":{"rendered":"<p>Wir freuen uns \u00fcber Ihren Besuch! Hier k\u00f6nnen Sie allerhand Wissenswertes \u00fcber uns als ehrenamtliche Organisation der Gemeinde erfahren. Wir<\/p>\n","protected":false},"author":1,"featured_media":0,"parent":0,"menu_order":0,"comment_status":"closed","ping_status":"closed","template":"","meta":{"footnotes":""},"jetpack_sharing_enabled":true,"_links":{"self":[{"href":"http:\/\/feuerwehr-schwaikheim.de\/index.php\/wp-json\/wp\/v2\/pages\/156"}],"collection":[{"href":"http:\/\/feuerwehr-schwaikheim.de\/index.php\/wp-json\/wp\/v2\/pages"}],"about":[{"href":"http:\/\/feuerwehr-schwaikheim.de\/index.php\/wp-json\/wp\/v2\/types\/page"}],"author":[{"embeddable":true,"href":"http:\/\/feuerwehr-schwaikheim.de\/index.php\/wp-json\/wp\/v2\/users\/1"}],"replies":[{"embeddable":true,"href":"http:\/\/feuerwehr-schwaikheim.de\/index.php\/wp-json\/wp\/v2\/comments?post=156"}],"version-history":[{"count":41,"href":"http:\/\/feuerwehr-schwaikheim.de\/index.php\/wp-json\/wp\/v2\/pages\/156\/revisions"}],"predecessor-version":[{"id":1978,"href":"http:\/\/feuerwehr-schwaikheim.de\/index.php\/wp-json\/wp\/v2\/pages\/156\/revisions\/1978"}],"wp:attachment":[{"href":"http:\/\/feuerwehr-schwaikheim.de\/index.php\/wp-json\/wp\/v2\/media?parent=156"}],"curies":[{"name":"wp","href":"https:\/\/api.w.org\/{rel}","templated":true}]}}